{"id":867,"date":"2019-10-29T15:18:54","date_gmt":"2019-10-29T14:18:54","guid":{"rendered":"https:\/\/mille-patounes.fr\/?page_id=867"},"modified":"2021-11-07T01:08:08","modified_gmt":"2021-11-07T00:08:08","slug":"visite-a-domicile","status":"publish","type":"page","link":"https:\/\/mille-patounes.fr\/?page_id=867","title":{"rendered":"Visite \u00e0 domicile"},"content":{"rendered":"<blockquote>\n<h5><em>Diff\u00e9rent du principe \u00ab\u00a0comme \u00e0 la maison\u00a0\u00bb, la prestation \u00ab\u00a0visite \u00e0 domicile\u00a0\u00bb permet d\u2019effectuer\u00a0une \u00e0 deux visites par jour \u00e0 votre domicile pour prendre soin de votre animal de compagnie qui\u00a0restera ainsi dans son environnement familier.\u00a0Gr\u00e2ce \u00e0\u00a0l\u2019attention particuli\u00e8re\u00a0port\u00e9e \u00e0 votre animal de compagnie lors des visites quotidiennes,\u00a0vous lui offrez un v\u00e9ritable bien-\u00eatre, en plus de la\u00a0bonne\u00a0gestion\u00a0de ses besoins \u00e9l\u00e9mentaires.<\/em><\/h5>\n<\/blockquote>\n<p>\t\t\t\t\t\t\t\t\t\t\t\t<img decoding=\"async\" width=\"2560\" height=\"1703\" src=\"https:\/\/mille-patounes.fr\/wp-content\/uploads\/2021\/11\/mille-patounes-grain-depixel-photographe-animalier-779-scaled.jpg\" alt=\"\" loading=\"lazy\" srcset=\"https:\/\/mille-patounes.fr\/wp-content\/uploads\/2021\/11\/mille-patounes-grain-depixel-photographe-animalier-779-scaled.jpg 2560w, https:\/\/mille-patounes.fr\/wp-content\/uploads\/2021\/11\/mille-patounes-grain-depixel-photographe-animalier-779-300x200.jpg 300w, https:\/\/mille-patounes.fr\/wp-content\/uploads\/2021\/11\/mille-patounes-grain-depixel-photographe-animalier-779-1024x681.jpg 1024w, https:\/\/mille-patounes.fr\/wp-content\/uploads\/2021\/11\/mille-patounes-grain-depixel-photographe-animalier-779-768x511.jpg 768w, https:\/\/mille-patounes.fr\/wp-content\/uploads\/2021\/11\/mille-patounes-grain-depixel-photographe-animalier-779-1536x1022.jpg 1536w, https:\/\/mille-patounes.fr\/wp-content\/uploads\/2021\/11\/mille-patounes-grain-depixel-photographe-animalier-779-2048x1363.jpg 2048w\" sizes=\"(max-width: 2560px) 100vw, 2560px\" \/>\t\t\t\t\t\t\t\t\t\t\t\t\t\t<\/p>\n<h2>Premi\u00e8re rencontre <\/h2>\n<p>Une fois le\u00a0<b><strong>premier contact<\/strong><\/b>\u00a0pris, nous convenons ensemble d\u2019<b><strong>une rencontre \u00e0 votre domicile pour faire plus ample connaissance<\/strong><\/b>\u00a0en pr\u00e9sence de votre animal de compagnie. Lors de cette premi\u00e8re rencontre,\u00a0<b><strong>vous me pr\u00e9sentez votre animal\u00a0<\/strong><\/b><b><strong>de compagnie<\/strong><\/b>\u00a0et m\u2019indiquez\u00a0<b><strong>ses habitudes de vie<\/strong><\/b>, ses habitudes alimentaires, ses manies, ses jeux, ses cachettes favorites\u2026<br \/>Nous remplissons ensemble\u00a0<b><strong>une fiche de renseignements<\/strong><\/b>\u00a0concernant votre animal de compagnie et d\u00e9finissons plus amplement la prestation sur\u00a0<b><strong>le contrat de garde et les conditions g\u00e9n\u00e9rales<\/strong><\/b>.<br \/>Enfin, vous me remettez\u00a0<b><strong>un double de clefs<\/strong><\/b>\u00a0et nous convenons\u00a0<b><strong>des modalit\u00e9s relatives \u00e0 leur restitution<\/strong><\/b>.<\/p>\n<h2>C&rsquo;est sa premi\u00e8re visite <\/h2>\n<p>A mon arriv\u00e9e, je\u00a0<b><strong>lai<\/strong><\/b><b><strong>sse le temps \u00e0 votre animal de compagnie<\/strong><\/b>\u00a0de d\u00e9couvrir qui je suis.<b><strong>Une fois les pr\u00e9sentations faites<\/strong><\/b>\u00a0et son accord obtenu,\u00a0<b><strong>je proc\u00e8de calmement \u00e0 l\u2019intendance<\/strong><\/b>\u00a0: nettoyage des gamelles et du coin repas et pr\u00e9paration de sa nourriture selon vos instructions.<br \/>Votre animal de compagnie peut ainsi\u00a0<b><strong>m\u2019observer et s\u2019habituer peu \u00e0 peu \u00e0 ma pr\u00e9sence<\/strong><\/b>.\u00a0Pendant qu\u2019il d\u00e9guste tranquillement son repas, je proc\u00e8de \u00e0\u00a0<b><strong>une petite inspection des lieux pour m\u2019assurer que tout va bien<\/strong><\/b>.<br \/>Le repas termin\u00e9,\u00a0<b><strong>diff\u00e9rentes activit\u00e9s lui sont propos\u00e9es, selon ses go\u00fbts<\/strong><\/b>\u00a0: jeux, c\u00e2lins, brossage\u2026\u00a0Comme convenu dans le contrat,\u00a0<b><strong>apr\u00e8s la visite \u00e0 domicile je vous donne de ses nouvelles par message\u00a0illustr\u00e9s de photos\/vid\u00e9os.<\/strong><\/b><\/p>\n<blockquote>\n<p><strong><i style=\"font-size: 17px;\">A SAVOIR<br \/><\/i><\/strong><i style=\"font-size: 17px; color: #000000;\">. Les visites \u00e0 domicile sont propos\u00e9es pour les chats, chiens, rongeurs et oiseaux<\/i><i style=\"font-size: 17px; color: #000000;\">. Avant votre d\u00e9part, pr\u00e9voyez de mettre en \u00e9vidence le carnet de sant\u00e9, les coordonn\u00e9es du v\u00e9t\u00e9rinaire, le sac de transport ainsi que le mat\u00e9riel \u00a0indispensable pour effectuer le\u00a0<\/i><i>nettoyage<\/i><i style=\"font-size: 17px; color: #000000;\">\u00a0du coin liti\u00e8re<\/i><em style=\"font-size: 17px; color: #000000;\"><strong><br \/><\/strong><\/em><\/p>\n<p>EN OPTION<\/p>\n<p>.\u00a0Ouverture\/Fermeture des volets<br \/>. A\u00e9ration des pi\u00e8ces principale<br \/>. Arrosage des plantes<br \/>. Rel\u00e8ve du courrier<\/p>\n<\/blockquote>\n","protected":false},"excerpt":{"rendered":"<p>Diff\u00e9rent du principe \u00ab\u00a0comme \u00e0 la maison\u00a0\u00bb, la prestation \u00ab\u00a0visite \u00e0 domicile\u00a0\u00bb permet d\u2019effectuer\u00a0une \u00e0 deux visites par jour \u00e0 votre domicile pour prendre soin de votre animal de compagnie qui\u00a0restera ainsi dans son environnement familier.\u00a0Gr\u00e2ce \u00e0\u00a0l\u2019attention particuli\u00e8re\u00a0port\u00e9e \u00e0 votre animal de compagnie lors des visites quotidiennes,\u00a0vous lui offrez un v\u00e9ritable bien-\u00eatre, en plus de [&hellip;]<\/p>\n","protected":false},"author":1,"featured_media":0,"parent":0,"menu_order":0,"comment_status":"closed","ping_status":"closed","template":"","meta":{"saved_in_kubio":false,"footnotes":""},"class_list":["post-867","page","type-page","status-publish","hentry"],"kubio_ai_page_context":{"short_desc":"","purpose":"general"},"_links":{"self":[{"href":"https:\/\/mille-patounes.fr\/index.php?rest_route=\/wp\/v2\/pages\/867","targetHints":{"allow":["GET"]}}],"collection":[{"href":"https:\/\/mille-patounes.fr\/index.php?rest_route=\/wp\/v2\/pages"}],"about":[{"href":"https:\/\/mille-patounes.fr\/index.php?rest_route=\/wp\/v2\/types\/page"}],"author":[{"embeddable":true,"href":"https:\/\/mille-patounes.fr\/index.php?rest_route=\/wp\/v2\/users\/1"}],"replies":[{"embeddable":true,"href":"https:\/\/mille-patounes.fr\/index.php?rest_route=%2Fwp%2Fv2%2Fcomments&post=867"}],"version-history":[{"count":89,"href":"https:\/\/mille-patounes.fr\/index.php?rest_route=\/wp\/v2\/pages\/867\/revisions"}],"predecessor-version":[{"id":1586,"href":"https:\/\/mille-patounes.fr\/index.php?rest_route=\/wp\/v2\/pages\/867\/revisions\/1586"}],"wp:attachment":[{"href":"https:\/\/mille-patounes.fr\/index.php?rest_route=%2Fwp%2Fv2%2Fmedia&parent=867"}],"curies":[{"name":"wp","href":"https:\/\/api.w.org\/{rel}","templated":true}]}}