{"id":863,"date":"2019-10-29T15:18:19","date_gmt":"2019-10-29T14:18:19","guid":{"rendered":"https:\/\/mille-patounes.fr\/?page_id=863"},"modified":"2024-01-17T14:21:45","modified_gmt":"2024-01-17T13:21:45","slug":"a-propos","status":"publish","type":"page","link":"https:\/\/mille-patounes.fr\/?page_id=863","title":{"rendered":"A Propos"},"content":{"rendered":"<p><iframe loading=\"lazy\" title=\"Mille Patounes\" width=\"500\" height=\"281\" src=\"https:\/\/www.youtube.com\/embed\/WO4mfdXz2pM?feature=oembed\" frameborder=\"0\" allow=\"accelerometer; autoplay; clipboard-write; encrypted-media; gyroscope; picture-in-picture; web-share\" referrerpolicy=\"strict-origin-when-cross-origin\" allowfullscreen><\/iframe>\t\t<\/p>\n<h3>Mille Patounes vous garantit<\/h3>\n<ul>\n<li>\n\t\t\t\t\t\t\t\t\t\tLa&nbsp;qualit\u00e9&nbsp;et&nbsp;la fiabilit\u00e9&nbsp;dans ses services personnalis\u00e9s\n\t\t\t\t\t\t\t\t\t<\/li>\n<li>\n\t\t\t\t\t\t\t\t\t\tUne&nbsp;r\u00e9ponse active en termes de disponibilit\u00e9\n\t\t\t\t\t\t\t\t\t<\/li>\n<li>\n\t\t\t\t\t\t\t\t\t\tUn planning de garde&nbsp;adaptable&nbsp;et sur-mesure\n\t\t\t\t\t\t\t\t\t<\/li>\n<li>\n\t\t\t\t\t\t\t\t\t\tDes&nbsp;comptes-rendus r\u00e9guliers illustr\u00e9s de&nbsp;photos et vid\u00e9os (France &amp; \u00c9tranger)\n\t\t\t\t\t\t\t\t\t<\/li>\n<\/ul>\n<p>\t\t\t\t\t\t\t\t\t\t\t\t\t\t\t\t<a href=\"https:\/\/www.linstinctduchien.fr\/\"><br \/>\n\t\t\t\t\t\t\t<img decoding=\"async\" width=\"150\" height=\"150\" src=\"https:\/\/mille-patounes.fr\/wp-content\/uploads\/2020\/04\/logo-final-idc-150x150.png\" alt=\"\" loading=\"lazy\" srcset=\"https:\/\/mille-patounes.fr\/wp-content\/uploads\/2020\/04\/logo-final-idc-150x150.png 150w, https:\/\/mille-patounes.fr\/wp-content\/uploads\/2020\/04\/logo-final-idc-300x300.png 300w, https:\/\/mille-patounes.fr\/wp-content\/uploads\/2020\/04\/logo-final-idc.png 512w\" sizes=\"(max-width: 150px) 100vw, 150px\" \/>\t\t\t\t\t\t\t\t<\/a><\/p>\n<p style=\"text-align: center;\">\u00c9ducateur comportementaliste canin\u00a0<br \/>Mr Loic DECELLE<\/p>\n<p>\t\t\t\t\t\t\t\t\t\t\t\t\t\t\t\t<a href=\"https:\/\/cynotrust.fr\"><br \/>\n\t\t\t\t\t\t\t<img decoding=\"async\" width=\"150\" height=\"150\" src=\"https:\/\/mille-patounes.fr\/wp-content\/uploads\/2020\/11\/Capture-decran-2020-11-27-a-07.12.54-150x150.png\" alt=\"\" loading=\"lazy\" \/>\t\t\t\t\t\t\t\t<\/a><\/p>\n<p style=\"text-align: center;\">\u00c9ducatrice comportementaliste canin<br \/>Mlle Ma<em>\u00eb<\/em>va SIMON\u00a0<\/p>\n","protected":false},"excerpt":{"rendered":"<p>Mille Patounes vous garantit La&nbsp;qualit\u00e9&nbsp;et&nbsp;la fiabilit\u00e9&nbsp;dans ses services personnalis\u00e9s Une&nbsp;r\u00e9ponse active en termes de disponibilit\u00e9 Un planning de garde&nbsp;adaptable&nbsp;et sur-mesure Des&nbsp;comptes-rendus r\u00e9guliers illustr\u00e9s de&nbsp;photos et vid\u00e9os (France &amp; \u00c9tranger) \u00c9ducateur comportementaliste canin\u00a0Mr Loic DECELLE \u00c9ducatrice comportementaliste caninMlle Ma\u00ebva SIMON\u00a0<\/p>\n","protected":false},"author":1,"featured_media":0,"parent":0,"menu_order":0,"comment_status":"closed","ping_status":"closed","template":"","meta":{"saved_in_kubio":false,"footnotes":""},"class_list":["post-863","page","type-page","status-publish","hentry"],"kubio_ai_page_context":{"short_desc":"","purpose":"general"},"_links":{"self":[{"href":"https:\/\/mille-patounes.fr\/index.php?rest_route=\/wp\/v2\/pages\/863","targetHints":{"allow":["GET"]}}],"collection":[{"href":"https:\/\/mille-patounes.fr\/index.php?rest_route=\/wp\/v2\/pages"}],"about":[{"href":"https:\/\/mille-patounes.fr\/index.php?rest_route=\/wp\/v2\/types\/page"}],"author":[{"embeddable":true,"href":"https:\/\/mille-patounes.fr\/index.php?rest_route=\/wp\/v2\/users\/1"}],"replies":[{"embeddable":true,"href":"https:\/\/mille-patounes.fr\/index.php?rest_route=%2Fwp%2Fv2%2Fcomments&post=863"}],"version-history":[{"count":47,"href":"https:\/\/mille-patounes.fr\/index.php?rest_route=\/wp\/v2\/pages\/863\/revisions"}],"predecessor-version":[{"id":1712,"href":"https:\/\/mille-patounes.fr\/index.php?rest_route=\/wp\/v2\/pages\/863\/revisions\/1712"}],"wp:attachment":[{"href":"https:\/\/mille-patounes.fr\/index.php?rest_route=%2Fwp%2Fv2%2Fmedia&parent=863"}],"curies":[{"name":"wp","href":"https:\/\/api.w.org\/{rel}","templated":true}]}}