{"id":355,"date":"2016-09-24T14:40:14","date_gmt":"2016-09-24T14:40:14","guid":{"rendered":"http:\/\/fitness2.mythemecloud.io\/?page_id=355"},"modified":"2024-09-22T00:11:40","modified_gmt":"2024-09-21T22:11:40","slug":"home","status":"publish","type":"page","link":"https:\/\/mille-patounes.fr\/?page_id=355","title":{"rendered":"Home"},"content":{"rendered":"<h2>Mille patounes<\/h2>\n<p>\t\t\t<a href=\"https:\/\/mille-patounes.fr\/?page_id=863\"><br \/>\n\t\t\t\t\t\tEn savoir plus<br \/>\n\t\t\t\t\t<\/a><\/p>\n<h2>Bienvenue <\/h2>\n<figure>\n\t\t\t\t\t\t\t\t\t\t\t<a href=\"https:\/\/mille-patounes.fr\/?page_id=865\"><br \/>\n\t\t\t\t\t\t\t<img decoding=\"async\" width=\"225\" height=\"300\" src=\"https:\/\/mille-patounes.fr\/wp-content\/uploads\/2024\/01\/FB-225x300.jpg\" alt=\"\" loading=\"lazy\" srcset=\"https:\/\/mille-patounes.fr\/wp-content\/uploads\/2024\/01\/FB-225x300.jpg 225w, https:\/\/mille-patounes.fr\/wp-content\/uploads\/2024\/01\/FB-768x1024.jpg 768w, https:\/\/mille-patounes.fr\/wp-content\/uploads\/2024\/01\/FB.jpg 1125w\" sizes=\"(max-width: 225px) 100vw, 225px\" \/>\t\t\t\t\t\t\t\t<\/a><figcaption>Prestation \u00ab\u00a0Comme \u00e0 la maison\u00a0\u00bb<\/figcaption><\/figure>\n<p>\t\t\t<a href=\"https:\/\/mille-patounes.fr\/?page_id=865\"><br \/>\n\t\t\t\t\t\tCliquez ici<br \/>\n\t\t\t\t\t<\/a><\/p>\n<figure>\n\t\t\t\t\t\t\t\t\t\t\t<a href=\"https:\/\/mille-patounes.fr\/?page_id=867\"><br \/>\n\t\t\t\t\t\t\t<img decoding=\"async\" width=\"2560\" height=\"1707\" src=\"https:\/\/mille-patounes.fr\/wp-content\/uploads\/2024\/01\/29082023-E02A1741-scaled.jpg\" alt=\"\" loading=\"lazy\" srcset=\"https:\/\/mille-patounes.fr\/wp-content\/uploads\/2024\/01\/29082023-E02A1741-scaled.jpg 2560w, https:\/\/mille-patounes.fr\/wp-content\/uploads\/2024\/01\/29082023-E02A1741-300x200.jpg 300w, https:\/\/mille-patounes.fr\/wp-content\/uploads\/2024\/01\/29082023-E02A1741-1024x683.jpg 1024w, https:\/\/mille-patounes.fr\/wp-content\/uploads\/2024\/01\/29082023-E02A1741-768x512.jpg 768w, https:\/\/mille-patounes.fr\/wp-content\/uploads\/2024\/01\/29082023-E02A1741-1536x1024.jpg 1536w, https:\/\/mille-patounes.fr\/wp-content\/uploads\/2024\/01\/29082023-E02A1741-2048x1366.jpg 2048w\" sizes=\"(max-width: 2560px) 100vw, 2560px\" \/>\t\t\t\t\t\t\t\t<\/a><figcaption>Prestation \u00a0\u00bb Visite \u00e0 domicile\u00a0\u00bb<\/figcaption><\/figure>\n<p>\t\t\t<a href=\"https:\/\/mille-patounes.fr\/?page_id=867\"><br \/>\n\t\t\t\t\t\tCliquez ici<br \/>\n\t\t\t\t\t<\/a><\/p>\n<figure>\n\t\t\t\t\t\t\t\t\t\t\t<a href=\"https:\/\/mille-patounes.fr\/?page_id=1310\"><br \/>\n\t\t\t\t\t\t\t<img decoding=\"async\" width=\"2560\" height=\"1706\" src=\"https:\/\/mille-patounes.fr\/wp-content\/uploads\/2024\/01\/29082023-E02A1848-scaled.jpg\" alt=\"\" loading=\"lazy\" srcset=\"https:\/\/mille-patounes.fr\/wp-content\/uploads\/2024\/01\/29082023-E02A1848-scaled.jpg 2560w, https:\/\/mille-patounes.fr\/wp-content\/uploads\/2024\/01\/29082023-E02A1848-300x200.jpg 300w, https:\/\/mille-patounes.fr\/wp-content\/uploads\/2024\/01\/29082023-E02A1848-1024x682.jpg 1024w, https:\/\/mille-patounes.fr\/wp-content\/uploads\/2024\/01\/29082023-E02A1848-768x512.jpg 768w, https:\/\/mille-patounes.fr\/wp-content\/uploads\/2024\/01\/29082023-E02A1848-1536x1024.jpg 1536w, https:\/\/mille-patounes.fr\/wp-content\/uploads\/2024\/01\/29082023-E02A1848-2048x1365.jpg 2048w\" sizes=\"(max-width: 2560px) 100vw, 2560px\" \/>\t\t\t\t\t\t\t\t<\/a><figcaption>Prestation \u00ab\u00a0Pension f\u00e9line et NAC\u00a0\u00bb<\/figcaption><\/figure>\n<p>\t\t\t<a href=\"https:\/\/mille-patounes.fr\/?page_id=1310\"><br \/>\n\t\t\t\t\t\tCliquez ici<br \/>\n\t\t\t\t\t<\/a><\/p>\n<h2>C&rsquo;est vous qui en parlez le mieux !<\/h2>\n<p>\t\t\t\t\t\t\tM\u00e9lanie garde Jelsee et Vera lors de nos absences, chez elle ou chez nous. Nous partons en toute confiance: Vera, \u00e9pileptique a besoin d\u2019un traitement 2 fois\/jour et Jelsee, un peu caract\u00e9rielle, ont tr\u00e8s vite adopt\u00e9 M\u00e9lanie et \u00e7a se passe tr\u00e8s bien ! Nous avons d\u00e9j\u00e0 r\u00e9serv\u00e9 les p\u00e9riodes de nos absences pour les prochains mois, car sa notori\u00e9t\u00e9 grandissant, elle devient tr\u00e8s occup\u00e9e ! Surtout qu\u2019elle ne change rien&#8230;.!<br \/>\n\t\t\t\t\t\t\t<img decoding=\"async\" width=\"150\" height=\"150\" src=\"https:\/\/mille-patounes.fr\/wp-content\/uploads\/2019\/11\/7153511ef3-150x150.jpg\" alt=\"\" loading=\"lazy\" \/><br \/>\n\t\t\t\t\t\t\t\t\t\t\t\t\t\tSophie R.<br \/>\n\t\t\t\t\t\t\tM\u00e9lanie est au top ! Une bien belle d\u00e9couverte pour faire garder Isis pendant les vacances. Une personne formidable qui aime les animaux, douce et \u00e0 l&rsquo;\u00e9coute \u00e0 qui je fais enti\u00e8rement confiance&#8230; Je recommande \u00e0 100% vous pouvez partir l&rsquo;esprit tranquille! <br \/>Merci M\u00e9lanie \u00e0 bient\u00f4t<br \/>\n\t\t\t\t\t\t\t<img decoding=\"async\" width=\"664\" height=\"960\" src=\"https:\/\/mille-patounes.fr\/wp-content\/uploads\/2019\/10\/Photo-N\u00b01-1.jpg\" alt=\"\" loading=\"lazy\" \/><br \/>\n\t\t\t\t\t\t\t\t\t\t\t\t\t\tAnne C.<br \/>\n\t\t\t\t\t\t\tJ&rsquo;ai fait appel \u00e0 M\u00e9lanie pour venir s&rsquo;occuper de mon chien le temps d&rsquo;un week-end. Je cherchais depuis longtemps une personne de confiance et M\u00e9lanie a \u00e9t\u00e9 parfaite! Elle a pris le temps de conna\u00eetre mon chien en amont, m&rsquo;a envoy\u00e9 des vid\u00e9os\/messages \u00e0 chaque fois qu&rsquo;elle s&rsquo;en occupait, et mon chien l&rsquo;a tout de suite adopt\u00e9. M\u00e9lanie est tr\u00e8s professionnelle,  fiable et d&rsquo;une grande douceur avec les animaux, je referais appel \u00e0 elle sans h\u00e9siter !!<br \/>\n\t\t\t\t\t\t\t<img decoding=\"async\" width=\"540\" height=\"960\" src=\"https:\/\/mille-patounes.fr\/wp-content\/uploads\/2020\/12\/Zephyr.jpg\" alt=\"\" loading=\"lazy\" \/><br \/>\n\t\t\t\t\t\t\t\t\t\t\t\t\t\tJuliette O.<\/p>\n","protected":false},"excerpt":{"rendered":"<p>Mille patounes En savoir plus Bienvenue Prestation \u00ab\u00a0Comme \u00e0 la maison\u00a0\u00bb Cliquez ici Prestation \u00a0\u00bb Visite \u00e0 domicile\u00a0\u00bb Cliquez ici Prestation \u00ab\u00a0Pension f\u00e9line et NAC\u00a0\u00bb Cliquez ici C&rsquo;est vous qui en parlez le mieux ! M\u00e9lanie garde Jelsee et Vera lors de nos absences, chez elle ou chez nous. Nous partons en toute confiance: Vera, [&hellip;]<\/p>\n","protected":false},"author":1,"featured_media":0,"parent":0,"menu_order":0,"comment_status":"closed","ping_status":"closed","template":"","meta":{"saved_in_kubio":false,"footnotes":""},"class_list":["post-355","page","type-page","status-publish","hentry"],"kubio_ai_page_context":{"short_desc":"","purpose":"general"},"_links":{"self":[{"href":"https:\/\/mille-patounes.fr\/index.php?rest_route=\/wp\/v2\/pages\/355","targetHints":{"allow":["GET"]}}],"collection":[{"href":"https:\/\/mille-patounes.fr\/index.php?rest_route=\/wp\/v2\/pages"}],"about":[{"href":"https:\/\/mille-patounes.fr\/index.php?rest_route=\/wp\/v2\/types\/page"}],"author":[{"embeddable":true,"href":"https:\/\/mille-patounes.fr\/index.php?rest_route=\/wp\/v2\/users\/1"}],"replies":[{"embeddable":true,"href":"https:\/\/mille-patounes.fr\/index.php?rest_route=%2Fwp%2Fv2%2Fcomments&post=355"}],"version-history":[{"count":159,"href":"https:\/\/mille-patounes.fr\/index.php?rest_route=\/wp\/v2\/pages\/355\/revisions"}],"predecessor-version":[{"id":1791,"href":"https:\/\/mille-patounes.fr\/index.php?rest_route=\/wp\/v2\/pages\/355\/revisions\/1791"}],"wp:attachment":[{"href":"https:\/\/mille-patounes.fr\/index.php?rest_route=%2Fwp%2Fv2%2Fmedia&parent=355"}],"curies":[{"name":"wp","href":"https:\/\/api.w.org\/{rel}","templated":true}]}}